{"id":1003,"date":"2024-06-26T07:01:07","date_gmt":"2024-06-26T07:01:07","guid":{"rendered":"https:\/\/www.benasedo.it\/applicazioni\/legno\/wood\/"},"modified":"2024-09-04T10:04:22","modified_gmt":"2024-09-04T10:04:22","slug":"wood","status":"publish","type":"page","link":"https:\/\/www.benasedo.it\/en\/applications\/legno\/wood\/","title":{"rendered":"Wood"},"content":{"rendered":"<h3>3.01 \u2013 3.02 2K Sealers and Topcoats<\/h3>\n\n<table id=\"tablepress-13\" class=\"tablepress tablepress-id-13\">\n<thead>\n<tr class=\"row-1\">\n\t<th class=\"column-1\">Nome prodotto<\/th><th class=\"column-2\">Tipologia di resina<\/th><th class=\"column-3\">Oil<br \/>\n(%)<\/th><th class=\"column-4\">Solvente<\/th><th class=\"column-5\">Residuo solido<br \/>\n(%)<\/th><th class=\"column-6\">Applicazioni, caratteristiche ed utilizzi<\/th>\n<\/tr>\n<\/thead>\n<tbody class=\"row-striping row-hover\">\n<tr class=\"row-2\">\n\t<td class=\"column-1\">BENASOL B 1<\/td><td class=\"column-2\">Alchidica idrossilata<\/td><td class=\"column-3\">30<\/td><td class=\"column-4\">Xilolo<\/td><td class=\"column-5\">50<\/td><td class=\"column-6\">Sigillanti e finiture opache compatibili con la nitro<br \/>\nAlta reattivit\u00e0, facile carteggiabilit\u00e0<br \/>\nDa utilizzare con alchidiche idrossilate<\/td>\n<\/tr>\n<tr class=\"row-3\">\n\t<td class=\"column-1\">BENASOL SP 18<\/td><td class=\"column-2\">Alchidica idrossilata<\/td><td class=\"column-3\">30<\/td><td class=\"column-4\">Xilolo\/MEK<\/td><td class=\"column-5\">50<\/td><td class=\"column-6\">Sigillante<br \/>\nLacche trasparenti per mobili dotate di elevata corposit\u00e0, buona carteggiabilit\u00e0, riverniciabilit\u00e0<\/td>\n<\/tr>\n<tr class=\"row-4\">\n\t<td class=\"column-1\">BENASOL SI 25<\/td><td class=\"column-2\">Alchidica idrossilata<\/td><td class=\"column-3\">25<\/td><td class=\"column-4\">Xilolo<\/td><td class=\"column-5\">60<\/td><td class=\"column-6\">Alto gloss, ottima durezza <br \/>\nBuona reattivit\u00e0 con isocianati alifatici<\/td>\n<\/tr>\n<tr class=\"row-5\">\n\t<td class=\"column-1\">BENASOL RS 70<\/td><td class=\"column-2\">Alchidica idrossilata<\/td><td class=\"column-3\">36<\/td><td class=\"column-4\">Xilolo\/Butile acetato<\/td><td class=\"column-5\">60<\/td><td class=\"column-6\">Primer per parquet<br \/>\nLacche per mobili dotate di buona carteggiabilit\u00e0, resistenza al solvente e buona durezza<br \/>\nAdatto per finiture opache dure e opache profonde<\/td>\n<\/tr>\n<tr class=\"row-6\">\n\t<td class=\"column-1\">BENASOL RC 41<\/td><td class=\"column-2\">Alchidica idrossilata<\/td><td class=\"column-3\">41<\/td><td class=\"column-4\">Xilolo<\/td><td class=\"column-5\">60<\/td><td class=\"column-6\">Resina alchidica universale idrossilata per sigillanti e finiture opache<br \/>\nAlta reattivit\u00e0, durezza e flessibilit\u00e0<\/td>\n<\/tr>\n<tr class=\"row-7\">\n\t<td class=\"column-1\">BENASOL RC 45<\/td><td class=\"column-2\">Alchidica idrossilata<\/td><td class=\"column-3\">42<\/td><td class=\"column-4\">Xilolo<\/td><td class=\"column-5\">60<\/td><td class=\"column-6\">Sigillante e finiture opache<br \/>\nVernici nitrocellulosiche<\/td>\n<\/tr>\n<tr class=\"row-8\">\n\t<td class=\"column-1\">BENASOL 58<\/td><td class=\"column-2\">Alchidica idrossilata<\/td><td class=\"column-3\">55<\/td><td class=\"column-4\">Xilolo<\/td><td class=\"column-5\">60<\/td><td class=\"column-6\">Sigillanti trasparenti e pigmentati e finiture per legno e metallo<br \/>\nAlta reattivit\u00e0, durezza e flessibilit\u00e0<br \/>\nPu\u00f2 essere utilizzata con polisocianati alifatici<\/td>\n<\/tr>\n<tr class=\"row-9\">\n\t<td class=\"column-1\">BENASOL R 126<\/td><td class=\"column-2\">Alchidica idrossilata<\/td><td class=\"column-3\">53<\/td><td class=\"column-4\">Xilolo<\/td><td class=\"column-5\">60<\/td><td class=\"column-6\">Finiture trasparenti e pigmentate e vernici per legno e metallo<br \/>\nBuona carteggibilit\u00e0<br \/>\nAlto gloss e finiture corpose<\/td>\n<\/tr>\n<tr class=\"row-10\">\n\t<td class=\"column-1\">BENASOL R 127<\/td><td class=\"column-2\">Alchidica idrossilata<\/td><td class=\"column-3\">59<\/td><td class=\"column-4\">Xilolo<\/td><td class=\"column-5\">60<\/td><td class=\"column-6\">Finiture trasparenti e pigmentate, vernici per legno e metallo<br \/>\nElevata flessibilit\u00e0<br \/>\nBuona carteggiabilit\u00e0<\/td>\n<\/tr>\n<tr class=\"row-11\">\n\t<td class=\"column-1\">BENASOL C 300<\/td><td class=\"column-2\">Alchidica idrossilata<\/td><td class=\"column-3\">33<\/td><td class=\"column-4\">Xilolo<\/td><td class=\"column-5\">60<\/td><td class=\"column-6\">Finiture alto gloss, non ingiallenti<br \/>\nVernici nitrocellulosiche di alta qualit\u00e0<br \/>\nPu\u00f2 essere utilizzata anche per applicazioni a forno (settore industriale)<\/td>\n<\/tr>\n<tr class=\"row-12\">\n\t<td class=\"column-1\">BENASOL F 73<\/td><td class=\"column-2\">Alchidica idrossilata<\/td><td class=\"column-3\">43<\/td><td class=\"column-4\">Butile acetato<\/td><td class=\"column-5\">70<\/td><td class=\"column-6\">Sigillanti e finiture opache<br \/>\nElevata flessibilit\u00e0<\/td>\n<\/tr>\n<tr class=\"row-13\">\n\t<td class=\"column-1\">BENASOL GS 37<\/td><td class=\"column-2\">Alchidica idrossilata<\/td><td class=\"column-3\">32<\/td><td class=\"column-4\">Xilolo<\/td><td class=\"column-5\">75<\/td><td class=\"column-6\">Sigillanti alto solido e finiture caratterizzate da buona pienezza, alta flessibilit\u00e0 e facile carteggiabilita<br \/>\nProdotto con un ottimo compromesso tra reattivit\u00e0 e flessibilit\u00e0<\/td>\n<\/tr>\n<tr class=\"row-14\">\n\t<td class=\"column-1\">BENASOL E 114<\/td><td class=\"column-2\">Alchidica idrossilata<\/td><td class=\"column-3\">25<\/td><td class=\"column-4\">Xilolo<\/td><td class=\"column-5\">75<\/td><td class=\"column-6\">Finiture colorate e trasparenti per legno e metalli<br \/>\nAlto range di compatibilit\u00e0 (con resine acriliche, poliesteri, alchidiche)<br \/>\nIndicato per sistemi tintometrici universali<br \/>\nPu\u00f2 essere combinato con isocianati alifatici\/aromatici<\/td>\n<\/tr>\n<tr class=\"row-15\">\n\t<td class=\"column-1\">BENASOL RS 78<\/td><td class=\"column-2\">Alchidica idrossilata<\/td><td class=\"column-3\">41<\/td><td class=\"column-4\">Butile acetato<\/td><td class=\"column-5\">80<\/td><td class=\"column-6\">Sigillante per legno e metalli con buona flessibilit\u00e0, adesione e carteggiabilit\u00e0<br \/>\nSigillante 2k per vernici lucide e opache per pavimenti in legno e cemento<\/td>\n<\/tr>\n<tr class=\"row-16\">\n\t<td class=\"column-1\">BENASOL RC 75<\/td><td class=\"column-2\">Alchidica idrossilata<\/td><td class=\"column-3\">78<\/td><td class=\"column-4\">Xilolo<\/td><td class=\"column-5\">80<\/td><td class=\"column-6\">Finitura ad alto gloss<br \/>\nPu\u00f2 essere combinata con altre resine per ridurre il VOC complessivo<br \/>\nBuon plastificante<\/td>\n<\/tr>\n<tr class=\"row-17\">\n\t<td class=\"column-1\">BENASOL NAT A1<\/td><td class=\"column-2\">Alchidica idrossilata<\/td><td class=\"column-3\">26<\/td><td class=\"column-4\">Bio Solvente<\/td><td class=\"column-5\">60<\/td><td class=\"column-6\">Prodotto da materie prime rinnovabile e diluito con un solvente derivante da fonti bio.<br \/>\nNon siccativo, non ingiallente, caratterizzato da buona pienezza, flessibilit\u00e0 e durezza<\/td>\n<\/tr>\n<tr class=\"row-18\">\n\t<td class=\"column-1\">ISOBEN 15<\/td><td class=\"column-2\">Poliestere idrossilato<\/td><td class=\"column-3\"><\/td><td class=\"column-4\">Butile acetato<\/td><td class=\"column-5\">75<\/td><td class=\"column-6\">Pitture per il settore nautico quando combinato con isocianati alifatici<br \/>\nRifiniture per auto<br \/>\nBuona compatibilit\u00e0 con resine acriliche<\/td>\n<\/tr>\n<tr class=\"row-19\">\n\t<td class=\"column-1\">ISOBEN 87<\/td><td class=\"column-2\">Poliestere idrossilato<\/td><td class=\"column-3\"><\/td><td class=\"column-4\">Butile acetato<\/td><td class=\"column-5\">70<\/td><td class=\"column-6\">Finiture pigmentate e trasparenti, caratterizzate da una buona pienezza, durezza ed eccellente ritenzione di gloss<\/td>\n<\/tr>\n<tr class=\"row-20\">\n\t<td class=\"column-1\">ISOBEN 270<\/td><td class=\"column-2\">Poliestere idrossilato<\/td><td class=\"column-3\"><\/td><td class=\"column-4\">Butile acetato<\/td><td class=\"column-5\">70<\/td><td class=\"column-6\">Finiture pigmentate e trasparenti, caratterizzate da una buona pienezza, durezza ed eccellente ritenzione di gloss<br \/>\nBasso ingiallimento<\/td>\n<\/tr>\n<tr class=\"row-21\">\n\t<td class=\"column-1\">ISOBEN 11<\/td><td class=\"column-2\">Poliestere idrossilato<\/td><td class=\"column-3\"><\/td><td class=\"column-4\"><\/td><td class=\"column-5\">100<\/td><td class=\"column-6\">Suggerito come coating per pavimenti, specialmente in combinazione con alchidiche idrossilate<\/td>\n<\/tr>\n<tr class=\"row-22\">\n\t<td class=\"column-1\">ISOBEN 5<\/td><td class=\"column-2\">Poliestere idrossilato<\/td><td class=\"column-3\"><\/td><td class=\"column-4\">Xilolo\/MPA<\/td><td class=\"column-5\">67<\/td><td class=\"column-6\">Pitture non ingiallenti nel settore dell'edilizia e della manutenzione<br \/>\nAlta resistenza chimica<br \/>\nUsata in combinazione con isocianati alifatici<\/td>\n<\/tr>\n<\/tbody>\n<\/table>\n<!-- #tablepress-13 from cache -->\n<h3>3.03 Nitro<\/h3>\n\n<table id=\"tablepress-14\" class=\"tablepress tablepress-id-14\">\n<thead>\n<tr class=\"row-1\">\n\t<th class=\"column-1\">Nome prodotto<\/th><th class=\"column-2\">Tipologia di resina<\/th><th class=\"column-3\">Oil<br \/>\n(%)<\/th><th class=\"column-4\">Solvente<\/th><th class=\"column-5\">Residuo solido<br \/>\n(%)<\/th><th class=\"column-6\">Applicazioni, caratteristiche ed utilizzi<\/th>\n<\/tr>\n<\/thead>\n<tbody class=\"row-striping row-hover\">\n<tr class=\"row-2\">\n\t<td class=\"column-1\">BENASOL T 35<\/td><td class=\"column-2\">Alchidica corto olio non siccativa<\/td><td class=\"column-3\">35<\/td><td class=\"column-4\">Xilolo<\/td><td class=\"column-5\">50<\/td><td class=\"column-6\">Fondi e finiture alla nitrocellulosa per legno<br \/>\nPu\u00f2 essere utilizzato in combinazione con melammina per smalti per applicazioni su metallo<\/td>\n<\/tr>\n<tr class=\"row-3\">\n\t<td class=\"column-1\">BENASOL K 66<\/td><td class=\"column-2\">Alchidica corto olio non siccativa<\/td><td class=\"column-3\">39<\/td><td class=\"column-4\">Xilolo<\/td><td class=\"column-5\">60<\/td><td class=\"column-6\">Suggerito per la formulazione di prodotti alla nitrocellulosa, sia come sigillanti che come finiture per legno<\/td>\n<\/tr>\n<tr class=\"row-4\">\n\t<td class=\"column-1\">BENASOL 4377<\/td><td class=\"column-2\">Alchidica corto olio non siccativa<\/td><td class=\"column-3\">41<\/td><td class=\"column-4\">Xilolo<\/td><td class=\"column-5\">65<\/td><td class=\"column-6\">Fondi e finiture per legno e metallo<br \/>\nUsato in combinazione con la nitrocellulosa<\/td>\n<\/tr>\n<tr class=\"row-5\">\n\t<td class=\"column-1\"><\/td><td class=\"column-2\"><\/td><td class=\"column-3\"><\/td><td class=\"column-4\"><\/td><td class=\"column-5\"><\/td><td class=\"column-6\"><\/td>\n<\/tr>\n<\/tbody>\n<\/table>\n<!-- #tablepress-14 from cache -->\n<h3>3.04 Various application fields<\/h3>\n\n<table id=\"tablepress-15\" class=\"tablepress tablepress-id-15\">\n<thead>\n<tr class=\"row-1\">\n\t<th class=\"column-1\">Nome prodotto<\/th><th class=\"column-2\">Tipologia di resina<\/th><th class=\"column-3\">Solvente<\/th><th class=\"column-4\">Residuo solido<br \/>\n(%)<\/th><th class=\"column-5\">Applicazioni, caratteristiche ed utilizzi<\/th>\n<\/tr>\n<\/thead>\n<tbody class=\"row-striping row-hover\">\n<tr class=\"row-2\">\n\t<td class=\"column-1\">BENESTER LD 75<\/td><td class=\"column-2\">Poliestere insaturo<br \/>\nlucido diretto<\/td><td class=\"column-3\">Butile acetato<\/td><td class=\"column-4\">80<\/td><td class=\"column-5\">Fondi trasparenti e pigmentati<br \/>\nPu\u00f2 essere utilizzato per paste pigmentate<br \/>\nAlto gloss, durezza e buona carteggiabilit\u00e0<br \/>\nPu\u00f2 essere reticolato tramite UV o Redox<\/td>\n<\/tr>\n<tr class=\"row-3\">\n\t<td class=\"column-1\">HARTBEN AM 29<\/td><td class=\"column-2\">Poliisocianato aromatico\/alifatico<\/td><td class=\"column-3\">Butile acetato<\/td><td class=\"column-4\">60<\/td><td class=\"column-5\">Coating 2K poliuretanico per legno e metallo<br \/>\nElevata reattivit\u00e0<br \/>\nBuona flessibilit\u00e0, resistenza chimica, durezza, adesione e durabilit\u00e0<\/td>\n<\/tr>\n<tr class=\"row-4\">\n\t<td class=\"column-1\">HARTBEN MC 53P<\/td><td class=\"column-2\">1K igroindurente<\/td><td class=\"column-3\">Xilolo\/MPA<\/td><td class=\"column-4\">60<\/td><td class=\"column-5\">Vernice trasparente monocomponente per opachi e lucidi da applicare su pavimenti in legno e calcestruzzo<br \/>\nPrepolimero aromatico igroindurente<br \/>\nElevata velocit\u00e0 di essiccazione, eccellente durezza e resistenza all'abrasione<\/td>\n<\/tr>\n<tr class=\"row-5\">\n\t<td class=\"column-1\"><\/td><td class=\"column-2\"><\/td><td class=\"column-3\"><\/td><td class=\"column-4\"><\/td><td class=\"column-5\"><\/td>\n<\/tr>\n<\/tbody>\n<\/table>\n<!-- #tablepress-15 from cache -->\n","protected":false},"excerpt":{"rendered":"<p>3.01 \u2013 3.02 2K Sealers and Topcoats 3.03 Nitro 3.04 Various application fields [&#8230;]<\/p>\n<p><a class=\"btn btn-secondary understrap-read-more-link\" href=\"https:\/\/www.benasedo.it\/en\/applications\/legno\/wood\/\">Read More&#8230;<span class=\"screen-reader-text\"> from Wood<\/span><\/a><\/p>\n","protected":false},"author":1,"featured_media":910,"parent":1002,"menu_order":0,"comment_status":"closed","ping_status":"closed","template":"page-templates\/tabella-applicazione.php","meta":{"_acf_changed":false,"footnotes":""},"class_list":["post-1003","page","type-page","status-publish","has-post-thumbnail","hentry"],"acf":[],"_links":{"self":[{"href":"https:\/\/www.benasedo.it\/en\/wp-json\/wp\/v2\/pages\/1003","targetHints":{"allow":["GET"]}}],"collection":[{"href":"https:\/\/www.benasedo.it\/en\/wp-json\/wp\/v2\/pages"}],"about":[{"href":"https:\/\/www.benasedo.it\/en\/wp-json\/wp\/v2\/types\/page"}],"author":[{"embeddable":true,"href":"https:\/\/www.benasedo.it\/en\/wp-json\/wp\/v2\/users\/1"}],"replies":[{"embeddable":true,"href":"https:\/\/www.benasedo.it\/en\/wp-json\/wp\/v2\/comments?post=1003"}],"version-history":[{"count":2,"href":"https:\/\/www.benasedo.it\/en\/wp-json\/wp\/v2\/pages\/1003\/revisions"}],"predecessor-version":[{"id":1303,"href":"https:\/\/www.benasedo.it\/en\/wp-json\/wp\/v2\/pages\/1003\/revisions\/1303"}],"up":[{"embeddable":true,"href":"https:\/\/www.benasedo.it\/en\/wp-json\/wp\/v2\/pages\/1002"}],"wp:featuredmedia":[{"embeddable":true,"href":"https:\/\/www.benasedo.it\/en\/wp-json\/wp\/v2\/media\/910"}],"wp:attachment":[{"href":"https:\/\/www.benasedo.it\/en\/wp-json\/wp\/v2\/media?parent=1003"}],"curies":[{"name":"wp","href":"https:\/\/api.w.org\/{rel}","templated":true}]}}