{"id":1001,"date":"2024-06-26T07:01:07","date_gmt":"2024-06-26T07:01:07","guid":{"rendered":"https:\/\/www.benasedo.it\/applicazioni\/industria\/base-solvente\/"},"modified":"2024-09-04T10:03:00","modified_gmt":"2024-09-04T10:03:00","slug":"base-solvente","status":"publish","type":"page","link":"https:\/\/www.benasedo.it\/en\/applications\/industria\/base-solvente\/","title":{"rendered":"Solvent based"},"content":{"rendered":"<h3>1.01 \u2013 1.02 Air-drying alkyds<\/h3>\n\n<table id=\"tablepress-21\" class=\"tablepress tablepress-id-21\">\n<thead>\n<tr class=\"row-1\">\n\t<th class=\"column-1\">Nome prodotto<\/th><th class=\"column-2\">Tipologia di resina<\/th><th class=\"column-3\">Olio<br \/>\n(%)<\/th><th class=\"column-4\">Solvente<\/th><th class=\"column-5\">Residuo solido<br \/>\n(%)<\/th><th class=\"column-6\">Applicazioni, caratteristiche ed utilizzi<\/th>\n<\/tr>\n<\/thead>\n<tbody class=\"row-striping row-hover\">\n<tr class=\"row-2\">\n\t<td class=\"column-1\">BENASOL 3 V SN 100<\/td><td class=\"column-2\">Alchidica corto olio siccativa<\/td><td class=\"column-3\">34<\/td><td class=\"column-4\">Solvente Nafta SN100<\/td><td class=\"column-5\">50<\/td><td class=\"column-6\">Anticorrosivo per fondi pigmentati per applicazione su metallo, compatibile con smalti alla nitrocellulosa<\/td>\n<\/tr>\n<tr class=\"row-3\">\n\t<td class=\"column-1\">BENASOL 3 V X<\/td><td class=\"column-2\">Alchidica corto olio siccativa<\/td><td class=\"column-3\">34<\/td><td class=\"column-4\">Xilolo<\/td><td class=\"column-5\">50<\/td><td class=\"column-6\">Anticorrosivo per fondi pigmentati per applicazione su metallo, compatibile con smalti alla nitrocellulosa<\/td>\n<\/tr>\n<tr class=\"row-4\">\n\t<td class=\"column-1\">BENASOL 4 V 60 X<\/td><td class=\"column-2\">Alchidica corto olio siccativa<\/td><td class=\"column-3\">33<\/td><td class=\"column-4\">Xilolo<\/td><td class=\"column-5\">60<\/td><td class=\"column-6\">Anticorrosivo per fondi pigmentati per applicazione su metallo, compatibile con smalti alla nitrocellulosa<\/td>\n<\/tr>\n<tr class=\"row-5\">\n\t<td class=\"column-1\">BENASOL 4 V 50 X<\/td><td class=\"column-2\">Alchidica corto olio siccativa<\/td><td class=\"column-3\">33<\/td><td class=\"column-4\">Xilolo<\/td><td class=\"column-5\">50<\/td><td class=\"column-6\">Anticorrosivo per fondi pigmentati per applicazione su metallo, compatibile con smalti alla nitrocellulosa<\/td>\n<\/tr>\n<tr class=\"row-6\">\n\t<td class=\"column-1\">BENASOL 4V BA<\/td><td class=\"column-2\">Alchidica corto olio siccativa<\/td><td class=\"column-3\">33<\/td><td class=\"column-4\">Butile acetato<\/td><td class=\"column-5\">60<\/td><td class=\"column-6\">Anticorrosivo per  fondi pigmentati per applicazione su metallo, compatibile con smalti alla nitrocellulosa<\/td>\n<\/tr>\n<tr class=\"row-7\">\n\t<td class=\"column-1\">BENASOL A 34<\/td><td class=\"column-2\">Alchidica corto olio siccativa<\/td><td class=\"column-3\">36<\/td><td class=\"column-4\">Solvente Nafta SN100<\/td><td class=\"column-5\">50<\/td><td class=\"column-6\">Anticorrosivo per smalti pigmentati su metallo<\/td>\n<\/tr>\n<tr class=\"row-8\">\n\t<td class=\"column-1\">BENASOL 5097<\/td><td class=\"column-2\">Alchidica medio olio siccativa<\/td><td class=\"column-3\">42<\/td><td class=\"column-4\">Ragia minerale dearomatizzata D40<\/td><td class=\"column-5\">50<\/td><td class=\"column-6\">Fondi pigmentati con alta adesione su metallo<br \/>\nEccellente resistenza chimica e agli esterni<\/td>\n<\/tr>\n<tr class=\"row-9\">\n\t<td class=\"column-1\">BENASOL 4792<\/td><td class=\"column-2\">Alchidica corto olio siccativa<\/td><td class=\"column-3\">47<\/td><td class=\"column-4\">Solvente Nafta SN100<\/td><td class=\"column-5\">55<\/td><td class=\"column-6\">Anticorrosivo per smalti pigmentati su metallo<br \/>\nCompatibile con resine fenoliche e acciaio zincato<\/td>\n<\/tr>\n<tr class=\"row-10\">\n\t<td class=\"column-1\">BENASOL AS 280 X\/BA<\/td><td class=\"column-2\">Alchidica corto olio siccativa<\/td><td class=\"column-3\">28<\/td><td class=\"column-4\">Xilolo\/Butile acetato<\/td><td class=\"column-5\">60<\/td><td class=\"column-6\">Smalti a rapida essiccazione all'aria<br \/>\nPu\u00f2 essere reticolato in forno a basse temperature<br \/>\nAlte resistenze chimiche e meccaniche anche in ambienti esterni<\/td>\n<\/tr>\n<tr class=\"row-11\">\n\t<td class=\"column-1\">BENASOL AS 280 BA<\/td><td class=\"column-2\">Alchidica corto olio siccativa<\/td><td class=\"column-3\">28<\/td><td class=\"column-4\">Butile acetato<\/td><td class=\"column-5\">70<\/td><td class=\"column-6\">Smalti a rapida essiccazione all'aria<br \/>\nPu\u00f2 essere reticolato in forno a basse temperature<br \/>\nAlte resistenze chimiche e meccaniche anche in ambienti esterni<\/td>\n<\/tr>\n<tr class=\"row-12\">\n\t<td class=\"column-1\">BENASOL 1424<\/td><td class=\"column-2\">Alchidica corto olio siccativa<\/td><td class=\"column-3\">35<\/td><td class=\"column-4\">Xilolo<\/td><td class=\"column-5\">60<\/td><td class=\"column-6\">Ideale per smalti industriali aventi alte prestazioni<br \/>\nPu\u00f2 essere reticolato a forno a basse temperature<\/td>\n<\/tr>\n<tr class=\"row-13\">\n\t<td class=\"column-1\">BENASOL C0 34<\/td><td class=\"column-2\">Alchidica corto olio siccativa<\/td><td class=\"column-3\">34<\/td><td class=\"column-4\">Toluene<\/td><td class=\"column-5\">60<\/td><td class=\"column-6\">Smalti industriali (per pitture stradali)<br \/>\nSmalti bianchi e colorati a rapidissima essiccazione all'aria <br \/>\nPu\u00f2 essere combinato con il clorocaucci\u00f9<\/td>\n<\/tr>\n<tr class=\"row-14\">\n\t<td class=\"column-1\">BENASOL CO 35<\/td><td class=\"column-2\">Alchidica corto olio siccativa<\/td><td class=\"column-3\">35<\/td><td class=\"column-4\">Xilolo<\/td><td class=\"column-5\">60<\/td><td class=\"column-6\">Alchidica con modifica poliuretanica<br \/>\nEssiccazione all'aria molto rapida<br \/>\nPitture alla nitrocellulosa di alta qualit\u00e0<\/td>\n<\/tr>\n<tr class=\"row-15\">\n\t<td class=\"column-1\">BENASOL G 36<\/td><td class=\"column-2\">Alchidica corto olio siccativa<\/td><td class=\"column-3\">36<\/td><td class=\"column-4\">Xilolo<\/td><td class=\"column-5\">60<\/td><td class=\"column-6\">Smalti essiccanti all'aria per applicazioni generali<br \/>\nLacche alla nitrocellulosa per fondi poliuretaninici<\/td>\n<\/tr>\n<tr class=\"row-16\">\n\t<td class=\"column-1\">BENASOL CO 37<\/td><td class=\"column-2\">Alchidica corto olio siccativa<\/td><td class=\"column-3\">37<\/td><td class=\"column-4\">Butile acetato<\/td><td class=\"column-5\">65<\/td><td class=\"column-6\">Alchidica con modifica poliuretanica alifatica<br \/>\nSmalti non ingiallenti<br \/>\nProdotto essiccante all'aria per tutte le applicazioni esterne<\/td>\n<\/tr>\n<tr class=\"row-17\">\n\t<td class=\"column-1\">BENASOL AS 3716<\/td><td class=\"column-2\">Alchidica corto olio siccativa<\/td><td class=\"column-3\">37<\/td><td class=\"column-4\">Butile acetato<\/td><td class=\"column-5\">75<\/td><td class=\"column-6\">Smalti bianchi e colorati a rapida essiccazione all'aria<br \/>\nApplicazioni industriali<br \/>\nProdotti ad alto solido<\/td>\n<\/tr>\n<tr class=\"row-18\">\n\t<td class=\"column-1\">BENASOL AS 379<\/td><td class=\"column-2\">Alchidica corto olio siccativa<\/td><td class=\"column-3\">43<\/td><td class=\"column-4\">Xilolo<\/td><td class=\"column-5\">60<\/td><td class=\"column-6\">Smalti a rapida essiccazione all'aria<br \/>\nApplicazioni industriali e nell'edilizia<br \/>\nPu\u00f2 essere combinato al clorocaucci\u00f9 per dare veloci essiccazioni anche in profondit\u00e0<\/td>\n<\/tr>\n<tr class=\"row-19\">\n\t<td class=\"column-1\">BENASOL AS 308<\/td><td class=\"column-2\">Alchidica medio olio siccativa<\/td><td class=\"column-3\">47<\/td><td class=\"column-4\">Xilolo<\/td><td class=\"column-5\">60<\/td><td class=\"column-6\">Smalti ad essiccamento all'aria <br \/>\nSettore industriale ed edile<br \/>\nPu\u00f2 essere combinato al clorocaucci\u00f9 per dare veloci essiccazioni anche in profondit\u00e0<\/td>\n<\/tr>\n<\/tbody>\n<\/table>\n<!-- #tablepress-21 from cache -->\n<h3>1.03 Epoxy esters<\/h3>\n\n<table id=\"tablepress-22\" class=\"tablepress tablepress-id-22\">\n<thead>\n<tr class=\"row-1\">\n\t<th class=\"column-1\">Nome prodotto<\/th><th class=\"column-2\">Tipologia di resina<\/th><th class=\"column-3\">Olio<br \/>\n(%)<\/th><th class=\"column-4\">Solvente<\/th><th class=\"column-5\">Residuo solido<br \/>\n(%)<\/th><th class=\"column-6\">Applicazioni, caratteristiche ed utilizzi<\/th>\n<\/tr>\n<\/thead>\n<tbody class=\"row-striping row-hover\">\n<tr class=\"row-2\">\n\t<td class=\"column-1\">EPOBEN R 403 X<\/td><td class=\"column-2\">Estere epossidico<\/td><td class=\"column-3\">40<\/td><td class=\"column-4\">Xilolo<\/td><td class=\"column-5\">50<\/td><td class=\"column-6\">Fondi anticorrosivi ricchi in zinco<br \/>\nFondi e smalti siccativi all'aria o a forno<br \/>\nOttima adesione e resistenza chimica<\/td>\n<\/tr>\n<tr class=\"row-3\">\n\t<td class=\"column-1\">EPOBEN R 403 SN 100<\/td><td class=\"column-2\">Estere epossidico<\/td><td class=\"column-3\">40<\/td><td class=\"column-4\">Solvente Nafta SN100<\/td><td class=\"column-5\">60<\/td><td class=\"column-6\">Fondi anticorrosivi ricchi in zinco<br \/>\nFondi e smalti siccativi all'aria o a forno<br \/>\nOttima adesione e resistenza chimica<\/td>\n<\/tr>\n<tr class=\"row-4\">\n\t<td class=\"column-1\"><\/td><td class=\"column-2\"><\/td><td class=\"column-3\"><\/td><td class=\"column-4\"><\/td><td class=\"column-5\"><\/td><td class=\"column-6\"><\/td>\n<\/tr>\n<tr class=\"row-5\">\n\t<td class=\"column-1\"><\/td><td class=\"column-2\"><\/td><td class=\"column-3\"><\/td><td class=\"column-4\"><\/td><td class=\"column-5\"><\/td><td class=\"column-6\"><\/td>\n<\/tr>\n<\/tbody>\n<\/table>\n<!-- #tablepress-22 from cache -->\n<h3>1.04 2k polyesters topcoats<\/h3>\n\n<table id=\"tablepress-23\" class=\"tablepress tablepress-id-23\">\n<thead>\n<tr class=\"row-1\">\n\t<th class=\"column-1\">Nome prodotto<\/th><th class=\"column-2\">Tipologia di resina<\/th><th class=\"column-3\">Solvente<\/th><th class=\"column-4\">Residuo solido<br \/>\n(%)<\/th><th class=\"column-5\">Applicazioni, caratteristiche ed utilizzi<\/th>\n<\/tr>\n<\/thead>\n<tbody class=\"row-striping row-hover\">\n<tr class=\"row-2\">\n\t<td class=\"column-1\">ISOBEN 10 SN100\/BA<\/td><td class=\"column-2\">Poliestere idrossilato<\/td><td class=\"column-3\">Solvente Nafta SN100\/Butile acetato<\/td><td class=\"column-4\">60<\/td><td class=\"column-5\">Pitture poliuretaniche industriali che richiedono piccole quantit\u00e0 di isocianati<br \/>\nPitture overprint<br \/>\nAlta reattivit\u00e0 e buona compatibilit\u00e0 con resine acriliche<\/td>\n<\/tr>\n<tr class=\"row-3\">\n\t<td class=\"column-1\">ISOBEN 10 BA<\/td><td class=\"column-2\">Poliestere idrossilato<\/td><td class=\"column-3\">Butile acetato<\/td><td class=\"column-4\">70<\/td><td class=\"column-5\">Pitture poliuretaniche industriali che richiedono piccole quantit\u00e0 di isocianati<br \/>\nPitture overprint<br \/>\nAlta reattivit\u00e0 e buona compatibilit\u00e0 con resine acriliche<\/td>\n<\/tr>\n<tr class=\"row-4\">\n\t<td class=\"column-1\">ISOBEN 212<\/td><td class=\"column-2\">Poliestere idrossilato<\/td><td class=\"column-3\">Solvente Nafta SN100\/Butile acetato<\/td><td class=\"column-4\">60<\/td><td class=\"column-5\">Pitture poliurethniche industriali<br \/>\nNon ingiallenti<br \/>\nAlta resistenza all'esterno<br \/>\nPu\u00f2 essere usato anche per applicazioni a forno<\/td>\n<\/tr>\n<tr class=\"row-5\">\n\t<td class=\"column-1\">ISOBEN 6<\/td><td class=\"column-2\">Poliestere idrossilato<\/td><td class=\"column-3\">Butile acetato<\/td><td class=\"column-4\">70<\/td><td class=\"column-5\">Smalti poliuretanici per legno e metallo<br \/>\nPitture industriali ad alto gloss<br \/>\nAlta resistenza meccanica e durabilit\u00e0<br \/>\nBuona compatibilit\u00e0 con resine acriliche<\/td>\n<\/tr>\n<tr class=\"row-6\">\n\t<td class=\"column-1\">ISOBEN C 400<\/td><td class=\"column-2\">Poliestere idrossilato<\/td><td class=\"column-3\">Butile acetato<\/td><td class=\"column-4\">80<\/td><td class=\"column-5\">Finiture trasparenti\/pigmentate ad alto gloss<br \/>\nPaste pigmentare per applicazioni 2k<\/td>\n<\/tr>\n<tr class=\"row-7\">\n\t<td class=\"column-1\">ISOBEN 168<\/td><td class=\"column-2\">Poliestere idrossilato<\/td><td class=\"column-3\">Butile acetato<\/td><td class=\"column-4\">80<\/td><td class=\"column-5\">Smalti poliuretanici ad alto solido per legno e metallo<br \/>\nPitture industriali ad alto gloss<br \/>\nAlta resistenza meccanica e durabilit\u00e0<br \/>\nBuona compatibilit\u00e0 con resine acriliche<\/td>\n<\/tr>\n<\/tbody>\n<\/table>\n<!-- #tablepress-23 from cache -->\n<h3>1.05 Alkyds for tinting pasted<\/h3>\n\n<table id=\"tablepress-24\" class=\"tablepress tablepress-id-24\">\n<thead>\n<tr class=\"row-1\">\n\t<th class=\"column-1\">Nome prodotto<\/th><th class=\"column-2\">Tipologia di resina<\/th><th class=\"column-3\">Olio<br \/>\n(%)<\/th><th class=\"column-4\">Solvente<\/th><th class=\"column-5\">Residuo solido<br \/>\n(%)<\/th><th class=\"column-6\">Applicazioni, caratteristiche ed utilizzi<\/th>\n<\/tr>\n<\/thead>\n<tbody class=\"row-striping row-hover\">\n<tr class=\"row-2\">\n\t<td class=\"column-1\">BENASOL AS 377<\/td><td class=\"column-2\">Alchidica corto olio siccativa<\/td><td class=\"column-3\">43<\/td><td class=\"column-4\">MPA<\/td><td class=\"column-5\">70<\/td><td class=\"column-6\">Smalti non ingiallenti, ad essiccamento rapido all'aria<br \/>\nUsato per paste pigmentate per applicazioni industriali e deco<br \/>\nPu\u00f2 essere catalizzata (2.2%)<\/td>\n<\/tr>\n<tr class=\"row-3\">\n\t<td class=\"column-1\">BENASOL AS 450<\/td><td class=\"column-2\">Alchidica medio olio siccativa<\/td><td class=\"column-3\">45<\/td><td class=\"column-4\">Xilolo<\/td><td class=\"column-5\">70<\/td><td class=\"column-6\">Utilizzato per paste pigmentate nel settore deco o industriale<br \/>\nEccellenti propriet\u00e0 bagnanti<br \/>\nAlta compatibilit\u00e0 con un'ampia gamma di resine<\/td>\n<\/tr>\n<tr class=\"row-4\">\n\t<td class=\"column-1\">BENASOL AS 451<\/td><td class=\"column-2\">Alchidica medio olio siccativa<\/td><td class=\"column-3\">45<\/td><td class=\"column-4\">Xilolo<\/td><td class=\"column-5\">75<\/td><td class=\"column-6\">Utilizzato per paste pigmentate nel settore deco o industriale<br \/>\nEccellenti propriet\u00e0 bagnanti<br \/>\nAlta compatibilit\u00e0 con un'ampia gamma di resine<\/td>\n<\/tr>\n<tr class=\"row-5\">\n\t<td class=\"column-1\">BENASOL AS 452 SN 100<\/td><td class=\"column-2\">Alchidica medio olio siccativa<\/td><td class=\"column-3\">37<\/td><td class=\"column-4\">Solvente Nafta SN100<\/td><td class=\"column-5\">75<\/td><td class=\"column-6\">Utilizzato per paste pigmentate nel settore deco o industriale<br \/>\nEccellenti propriet\u00e0 bagnanti e poco ingiallenti<br \/>\nAlta compatibilit\u00e0 con un'ampia gamma di resine<\/td>\n<\/tr>\n<tr class=\"row-6\">\n\t<td class=\"column-1\">BENASOL AS 452 MPA <\/td><td class=\"column-2\">Alchidica medio olio siccativa<\/td><td class=\"column-3\">37<\/td><td class=\"column-4\">MPA<\/td><td class=\"column-5\">75<\/td><td class=\"column-6\">Utilizzato per paste pigmentate nel settore deco o industriale<br \/>\nEccellenti propriet\u00e0 bagnanti<br \/>\nAlta compatibilit\u00e0 con un'ampia gamma di resine comprese le resine epossidiche<\/td>\n<\/tr>\n<tr class=\"row-7\">\n\t<td class=\"column-1\">BENASOL AS 453<\/td><td class=\"column-2\">Alchidica medio olio siccativa<\/td><td class=\"column-3\">42<\/td><td class=\"column-4\">Solvente Nafta SN100<\/td><td class=\"column-5\">70<\/td><td class=\"column-6\">Usate per paste pigmentate universali<br \/>\nEccellente propriet\u00e0 bagnanti<br \/>\nAlta compatibilit\u00e0 con un'ampia gamma di resine comprese le resine epossidiche<\/td>\n<\/tr>\n<\/tbody>\n<\/table>\n<!-- #tablepress-24 from cache -->\n<h3>1.06 Modified silicone resins<\/h3>\n\n<table id=\"tablepress-25\" class=\"tablepress tablepress-id-25\">\n<thead>\n<tr class=\"row-1\">\n\t<th class=\"column-1\">Nome prodotto<\/th><th class=\"column-2\">Tipologia di resina<\/th><th class=\"column-3\">Olio<br \/>\n(%)<\/th><th class=\"column-4\">Solvente<\/th><th class=\"column-5\">Residuo solido<br \/>\n(%)<\/th><th class=\"column-6\">Applicazioni, caratteristiche ed utilizzi<\/th>\n<\/tr>\n<\/thead>\n<tbody class=\"row-striping row-hover\">\n<tr class=\"row-2\">\n\t<td class=\"column-1\">BENASOL SL 58<\/td><td class=\"column-2\">Resina alchidica con modifica siliconica<\/td><td class=\"column-3\">53<\/td><td class=\"column-4\">Ragia minerale dearomatizzata D40<\/td><td class=\"column-5\">60<\/td><td class=\"column-6\">Resine essiccanti all'aria per top su metalli, resistenti ad agenti atmosferici e marini<br \/>\nBuona ritenzione del colore nel tempo<br \/>\nMedia resistenza alla temperatura<br \/>\nParticolarmente indicata per il trattamento dello scarico fumi dei camini<\/td>\n<\/tr>\n<tr class=\"row-3\">\n\t<td class=\"column-1\">BENESTER SL 260<\/td><td class=\"column-2\">Poliestere con modifica siliconica<\/td><td class=\"column-3\"><\/td><td class=\"column-4\">MPA<\/td><td class=\"column-5\">65<\/td><td class=\"column-6\">Coatings per elettrodomestici da cucina e forno<br \/>\nResistenti alla temperatura<br \/>\nAlto gloss<br \/>\nBassa termoplasticit\u00e0<br \/>\nConforme alla regolamentazione FDA 21 CFR175-300<\/td>\n<\/tr>\n<tr class=\"row-4\">\n\t<td class=\"column-1\">BENESTER SL 263<\/td><td class=\"column-2\">Poliestere con modifica siliconica<\/td><td class=\"column-3\"><\/td><td class=\"column-4\">MPA<\/td><td class=\"column-5\">57<\/td><td class=\"column-6\">Coating per elettrodomestici da cucina e forno<br \/>\nAlta adesione<br \/>\nBassa termoplasticit\u00e0<br \/>\nResistenza al blistering in acqua bollente<br \/>\nConforme alla regolamentazione FDA 21 CFR175-300<\/td>\n<\/tr>\n<tr class=\"row-5\">\n\t<td class=\"column-1\"><\/td><td class=\"column-2\"><\/td><td class=\"column-3\"><\/td><td class=\"column-4\"><\/td><td class=\"column-5\"><\/td><td class=\"column-6\"><\/td>\n<\/tr>\n<\/tbody>\n<\/table>\n<!-- #tablepress-25 from cache -->\n<h3>1.07 Various application fields<\/h3>\n\n<table id=\"tablepress-26\" class=\"tablepress tablepress-id-26\">\n<thead>\n<tr class=\"row-1\">\n\t<th class=\"column-1\">Nome prodotto<\/th><th class=\"column-2\">Tipologia di resina<\/th><th class=\"column-3\">Olio<br \/>\n(%)<\/th><th class=\"column-4\">Solvente<\/th><th class=\"column-5\">Residuo solido<br \/>\n(%)<\/th><th class=\"column-6\">Applicazioni, caratteristiche ed utilizzi<\/th>\n<\/tr>\n<\/thead>\n<tbody class=\"row-striping row-hover\">\n<tr class=\"row-2\">\n\t<td class=\"column-1\">BENASOL E 184<\/td><td class=\"column-2\">Alchidica corto olio non siccativa<\/td><td class=\"column-3\">28<\/td><td class=\"column-4\">Xilolo<\/td><td class=\"column-5\">70<\/td><td class=\"column-6\">Resine top per carrozzeria. <br \/>\nPitture nitro non ingiallenti<br \/>\nSmalti cotti a forno o 2K<\/td>\n<\/tr>\n<tr class=\"row-3\">\n\t<td class=\"column-1\">BENESTER 742<\/td><td class=\"column-2\">Poliestere saturo<\/td><td class=\"column-3\"><\/td><td class=\"column-4\">Xilolo<\/td><td class=\"column-5\">65<\/td><td class=\"column-6\">Fondi e smalti cotti a forno (120 \u00b0C)<br \/>\nParticolarmente suggeriti per la carrozzeria <br \/>\nBuona adesione, flessibilit\u00e0, durezza e resistenza agli esterni<br \/>\nAlta compatibilit\u00e0 con diversi tipi di CAB<\/td>\n<\/tr>\n<tr class=\"row-4\">\n\t<td class=\"column-1\">HARTBEN 405\/I<\/td><td class=\"column-2\">Poliisocianato aromatico<\/td><td class=\"column-3\"><\/td><td class=\"column-4\">Etile acetato<\/td><td class=\"column-5\">80<\/td><td class=\"column-6\">Inchiostri flessibili senza stagno<br \/>\nBuona adesione e alta flessibilit\u00e0<br \/>\nMolto indicato per confezioni di carta o plastica<br \/>\nAlta compatibilit\u00e0 con nitro<\/td>\n<\/tr>\n<tr class=\"row-5\">\n\t<td class=\"column-1\"><\/td><td class=\"column-2\"><\/td><td class=\"column-3\"><\/td><td class=\"column-4\"><\/td><td class=\"column-5\"><\/td><td class=\"column-6\"><\/td>\n<\/tr>\n<\/tbody>\n<\/table>\n<!-- #tablepress-26 from cache -->\n","protected":false},"excerpt":{"rendered":"<p>1.01 \u2013 1.02 Air-drying alkyds 1.03 Epoxy esters 1.04 2k polyesters topcoats 1.05 Alkyds for tinting pasted 1.06 Modified silicone resins 1.07 Various application fields [&#8230;]<\/p>\n<p><a class=\"btn btn-secondary understrap-read-more-link\" href=\"https:\/\/www.benasedo.it\/en\/applications\/industria\/base-solvente\/\">Read More&#8230;<span class=\"screen-reader-text\"> from Solvent based<\/span><\/a><\/p>\n","protected":false},"author":1,"featured_media":0,"parent":999,"menu_order":0,"comment_status":"closed","ping_status":"closed","template":"page-templates\/tabella-applicazione.php","meta":{"_acf_changed":false,"footnotes":""},"class_list":["post-1001","page","type-page","status-publish","hentry"],"acf":[],"_links":{"self":[{"href":"https:\/\/www.benasedo.it\/en\/wp-json\/wp\/v2\/pages\/1001","targetHints":{"allow":["GET"]}}],"collection":[{"href":"https:\/\/www.benasedo.it\/en\/wp-json\/wp\/v2\/pages"}],"about":[{"href":"https:\/\/www.benasedo.it\/en\/wp-json\/wp\/v2\/types\/page"}],"author":[{"embeddable":true,"href":"https:\/\/www.benasedo.it\/en\/wp-json\/wp\/v2\/users\/1"}],"replies":[{"embeddable":true,"href":"https:\/\/www.benasedo.it\/en\/wp-json\/wp\/v2\/comments?post=1001"}],"version-history":[{"count":3,"href":"https:\/\/www.benasedo.it\/en\/wp-json\/wp\/v2\/pages\/1001\/revisions"}],"predecessor-version":[{"id":1301,"href":"https:\/\/www.benasedo.it\/en\/wp-json\/wp\/v2\/pages\/1001\/revisions\/1301"}],"up":[{"embeddable":true,"href":"https:\/\/www.benasedo.it\/en\/wp-json\/wp\/v2\/pages\/999"}],"wp:attachment":[{"href":"https:\/\/www.benasedo.it\/en\/wp-json\/wp\/v2\/media?parent=1001"}],"curies":[{"name":"wp","href":"https:\/\/api.w.org\/{rel}","templated":true}]}}